{"id":7464,"date":"2014-10-15T15:55:29","date_gmt":"2014-10-15T14:55:29","guid":{"rendered":"http:\/\/boniewo.pl\/portal\/?page_id=7464"},"modified":"2025-11-18T15:03:44","modified_gmt":"2025-11-18T14:03:44","slug":"inwestycje","status":"publish","type":"page","link":"https:\/\/ug.boniewo.pl\/?page_id=7464","title":{"rendered":"Inwestycje"},"content":{"rendered":"\n<h2 class=\"wp-block-heading\"><\/h2>\n\n\n\n<figure class=\"wp-block-table td {vertical-align;top;} is-style-stripes\"><table><tbody><tr><td><a href=\"https:\/\/ug.boniewo.pl\/?cat=83\" data-type=\"link\" data-id=\"https:\/\/ug.boniewo.pl\/?cat=83\">2025.7<\/a><\/td><td><a href=\"https:\/\/ug.boniewo.pl\/?cat=83\" data-type=\"link\" data-id=\"https:\/\/ug.boniewo.pl\/?cat=83\">Senior otwarty na \u015bwiat 2<\/a><\/td><\/tr><tr><td><a href=\"https:\/\/ug.boniewo.pl\/?cat=82\" data-type=\"link\" data-id=\"https:\/\/ug.boniewo.pl\/?cat=81\">2025.6<\/a><\/td><td><a href=\"https:\/\/ug.boniewo.pl\/?cat=82\" data-type=\"link\" data-id=\"https:\/\/ug.boniewo.pl\/?cat=82\">Senior otwarty na \u015bwiat<\/a><\/td><\/tr><tr><td><a href=\"https:\/\/ug.boniewo.pl\/?cat=81\" data-type=\"link\" data-id=\"https:\/\/ug.boniewo.pl\/?cat=80\">2025.5<\/a><\/td><td><a href=\"https:\/\/ug.boniewo.pl\/?cat=81\" data-type=\"link\" data-id=\"https:\/\/ug.boniewo.pl\/?cat=81\">Podniesienie kompetencji kluczowych uczni\u00f3w<\/a><\/td><\/tr><tr><td><a href=\"https:\/\/ug.boniewo.pl\/?cat=80\">2025.4<\/a><\/td><td><a href=\"https:\/\/ug.boniewo.pl\/?cat=80\">Rozbudowa, przebudowa (modernizacja) oraz termomodernizacja budynku remizy OSP w Boniewie<\/a><\/td><\/tr><tr><td><a href=\"https:\/\/ug.boniewo.pl\/?cat=79\">2025.3<\/a><\/td><td><a href=\"https:\/\/ug.boniewo.pl\/?cat=79\">Przebudowa dw\u00f3ch odcink\u00f3w drogi gminnej 191108C na d\u0142ugo\u015bci 1,870 km w miejscowo\u015bci Jerzmanowo, Kaniewo<\/a><\/td><\/tr><tr><td><a href=\"https:\/\/ug.boniewo.pl\/?cat=77\">2025.2<\/a><\/td><td><a href=\"https:\/\/ug.boniewo.pl\/?cat=77\">Przebudowa drogi gminnej w miejscowo\u015bci Lubomin Le\u015bny<\/a><\/td><\/tr><tr><td><a href=\"https:\/\/ug.boniewo.pl\/?cat=76\">2025.1<\/a><\/td><td><a href=\"https:\/\/ug.boniewo.pl\/?cat=76\">Budowa\/rozbudowa\/przebudowa\/remont infrastruktury spo\u0142ecznej na terenie Gminy Boniewo<\/a><\/td><\/tr><tr><td><a href=\"https:\/\/ug.boniewo.pl\/?cat=74\">2024.6<\/a><\/td><td><a href=\"https:\/\/ug.boniewo.pl\/?cat=74\">Remont budynku OSP w Bierzynie<\/a><\/td><\/tr><tr><td><a href=\"https:\/\/ug.boniewo.pl\/?cat=73\">2024.5<\/a><\/td><td><a href=\"https:\/\/ug.boniewo.pl\/?cat=73\">Remont\/modernizacja dworu w miejscowo\u015bci Otmianowo<\/a><\/td><\/tr><tr><td><a href=\"https:\/\/ug.boniewo.pl\/?cat=72\">2024.4<\/a><\/td><td><a href=\"https:\/\/ug.boniewo.pl\/?cat=72\">Budowa budynku z przeznaczeniem na Klubik Dzieci\u0119cy oraz Gminn\u0105 Bibliotek\u0119 Publicznej w miejscowo\u015bci Boniewo<\/a><\/td><\/tr><tr><td><a href=\"https:\/\/ug.boniewo.pl\/?cat=71\">2024.3<\/a><\/td><td><a href=\"https:\/\/ug.boniewo.pl\/?cat=71\">Przebudowa drogi gminnej w miejscowo\u015bci Otmianowo<\/a><\/td><\/tr><tr><td><a href=\"https:\/\/ug.boniewo.pl\/?cat=69\">2024.2<\/a><\/td><td><a href=\"https:\/\/ug.boniewo.pl\/?cat=69\">Remont trzech odcink\u00f3w dr\u00f3g gminnych na terenie Gminy Boniewo<\/a><\/td><\/tr><tr><td><a href=\"https:\/\/ug.boniewo.pl\/?cat=61\">2024.1<\/a><\/td><td><a href=\"https:\/\/ug.boniewo.pl\/?cat=61\">Remont\/modernizacja pa\u0142acu w miejscowo\u015bci Osiecz Wielki, uj\u0119tego w wojew\u00f3dzkiej ewidencji zabytk\u00f3w<\/a><\/td><\/tr><tr><td><a href=\"https:\/\/ug.boniewo.pl\/?cat=59\">2023.7<\/a><\/td><td><a href=\"https:\/\/ug.boniewo.pl\/?cat=59\">Budowa urz\u0105dze\u0144 fotowoltaicznych na obiektach u\u017cyteczno\u015bci publicznej<\/a><\/td><\/tr><tr><td><a href=\"https:\/\/ug.boniewo.pl\/?cat=55\">2023.6<\/a><\/td><td><a href=\"https:\/\/ug.boniewo.pl\/?cat=55\">Przebudowa dr\u00f3g gminnych w miejscowo\u015bciach Osiecz Wielki, Lubomin Rz\u0105dowy, Lubomin<\/a><\/td><\/tr><tr><td><a href=\"https:\/\/ug.boniewo.pl\/?cat=54\">2023.5<\/a><\/td><td><a href=\"https:\/\/ug.boniewo.pl\/?cat=54\">Przebudowa dr\u00f3g gminnych w miejscowo\u015bciach Su\u0142\u00f3wek i Lubomin Rz\u0105dowy<\/a><\/td><\/tr><tr><td><a href=\"https:\/\/ug.boniewo.pl\/?cat=53\">2023.4<\/a><\/td><td><a href=\"https:\/\/ug.boniewo.pl\/?cat=53\">Remont dw\u00f3ch odcink\u00f3w dr\u00f3g gminnych w miejscowo\u015bciach Paruszewice i \u0141\u0105ki Markowe<\/a><\/td><\/tr><tr><td><a href=\"https:\/\/ug.boniewo.pl\/?cat=52\">2023.3<\/a><\/td><td><a href=\"https:\/\/ug.boniewo.pl\/?cat=52\">Przebudowa drogi w miejscowo\u015bci \u0141\u0105ki Markowe<\/a><\/td><\/tr><tr><td><a href=\"https:\/\/ug.boniewo.pl\/?cat=51\">2023.2<\/a><\/td><td><a href=\"https:\/\/ug.boniewo.pl\/?cat=51\">Budowa boiska w miejscowo\u015bci Osiecz Ma\u0142y<\/a><\/td><\/tr><tr><td><a href=\"https:\/\/ug.boniewo.pl\/?cat=50\">2023.1<\/a><\/td><td><a href=\"https:\/\/ug.boniewo.pl\/?cat=50\">Przebudowa gminnej oczyszczalni \u015bciek\u00f3w w Boniewie<\/a><\/td><\/tr><tr><td><a href=\"https:\/\/ug.boniewo.pl\/?cat=46\">2022.4<\/a><\/td><td><a href=\"https:\/\/ug.boniewo.pl\/?cat=46\">Przebudowa drogi gminnej w miejscowo\u015bci Lubomin Rz\u0105dowy<\/a><\/td><\/tr><tr><td><a href=\"https:\/\/ug.boniewo.pl\/?cat=44\">2022.3<\/a><\/td><td><a href=\"https:\/\/ug.boniewo.pl\/?cat=44\">Organizacja miejsca spotka\u0144 dla mieszka\u0144c\u00f3w poprzez budow\u0119 miejsca ogniskowego z elementami si\u0142owni zewn\u0119trznej w miejscowo\u015bci Boniewo<\/a><\/td><\/tr><tr><td><a href=\"https:\/\/ug.boniewo.pl\/?cat=43\">2022.2<\/a><\/td><td><a href=\"https:\/\/ug.boniewo.pl\/?cat=43\">Przebudowa drogi gminnej w miejscowo\u015bci Bierzyn<\/a><\/td><\/tr><tr><td><a href=\"https:\/\/ug.boniewo.pl\/?cat=45\">2022.1<\/a><\/td><td><a href=\"https:\/\/ug.boniewo.pl\/?cat=45\">Przebudowa placu zabaw w miejscowo\u015bci Boniewo. Rozbudowa placu zabaw w miejscowo\u015bci Boniewo<\/a><\/td><\/tr><tr><td><a href=\"https:\/\/ug.boniewo.pl\/?cat=32\">2021.7<\/a><\/td><td><a href=\"https:\/\/ug.boniewo.pl\/?cat=32\">Przebudowa drogi gminnej Osiecz Ma\u0142y \u2013 Bnin<\/a><\/td><\/tr><tr><td><a href=\"https:\/\/ug.boniewo.pl\/?cat=38\">2021.6<\/a><\/td><td><a href=\"https:\/\/ug.boniewo.pl\/?cat=38\">Aktywizacja spo\u0142eczno-zawodowa os\u00f3b wykluczonych lub zagro\u017conych wykluczeniem spo\u0142ecznym z terenu gminy Boniewo<\/a><\/td><\/tr><tr><td><a href=\"https:\/\/ug.boniewo.pl\/?cat=37\">2021.5<\/a><\/td><td><a href=\"https:\/\/ug.boniewo.pl\/?cat=37\">Budowa urz\u0105dze\u0144 fotowoltaicznych na obiektach gminy Boniewo<\/a><\/td><\/tr><tr><td><a href=\"https:\/\/ug.boniewo.pl\/?cat=36\">2021.4<\/a><\/td><td><a href=\"https:\/\/ug.boniewo.pl\/?cat=36\">Program Inwestycji Strategicznych \u2013 Rz\u0105dowego Funduszu Polski \u0141ad<\/a><\/td><\/tr><tr><td><a href=\"https:\/\/ug.boniewo.pl\/?cat=35\">2021.3<\/a><\/td><td><a href=\"https:\/\/ug.boniewo.pl\/?cat=35\">Przebudowa drogi gminnej Lubomin Rz\u0105dowy \u2013 Gr\u00f3jec \u2013 Arciszewo<\/a><\/td><\/tr><tr><td><a href=\"https:\/\/ug.boniewo.pl\/?cat=34\">2021.2<\/a><\/td><td><a href=\"https:\/\/ug.boniewo.pl\/?cat=34\">Budowa sieci wodoci\u0105gowo-kanalizacyjnej z przy\u0142\u0105czami na terenie gminy Boniewo<\/a><\/td><\/tr><tr><td><a href=\"https:\/\/ug.boniewo.pl\/?cat=33\">2021.1<\/a><\/td><td><a href=\"https:\/\/ug.boniewo.pl\/?cat=33\">Przebudowa drogi gminnej w miejscowo\u015bci \u017burawice<\/a><\/td><\/tr><\/tbody><\/table><\/figure>\n","protected":false},"excerpt":{"rendered":"<p>2025.7 Senior otwarty na \u015bwiat 2 2025.6 Senior otwarty na \u015bwiat 2025.5 Podniesienie kompetencji kluczowych uczni\u00f3w 2025.4 Rozbudowa, przebudowa (modernizacja) oraz termomodernizacja budynku remizy OSP w Boniewie 2025.3 Przebudowa dw\u00f3ch odcink\u00f3w drogi gminnej 191108C na d\u0142ugo\u015bci 1,870 km w miejscowo\u015bci Jerzmanowo, Kaniewo 2025.2 Przebudowa drogi gminnej w miejscowo\u015bci Lubomin Le\u015bny 2025.1 Budowa\/rozbudowa\/przebudowa\/remont infrastruktury spo\u0142ecznej na terenie Gminy Boniewo 2024.6 Remont budynku OSP w Bierzynie 2024.5 Remont\/modernizacja dworu w miejscowo\u015bci Otmianowo 2024.4 Budowa budynku z przeznaczeniem na Klubik Dzieci\u0119cy oraz Gminn\u0105 Bibliotek\u0119 Publicznej w miejscowo\u015bci Boniewo 2024.3 Przebudowa drogi gminnej w miejscowo\u015bci Otmianowo 2024.2 Remont trzech odcink\u00f3w dr\u00f3g gminnych na terenie Gminy Boniewo 2024.1 Remont\/modernizacja pa\u0142acu w miejscowo\u015bci Osiecz Wielki, uj\u0119tego w wojew\u00f3dzkiej ewidencji zabytk\u00f3w 2023.7 Budowa urz\u0105dze\u0144 fotowoltaicznych na obiektach u\u017cyteczno\u015bci publicznej 2023.6 Przebudowa dr\u00f3g gminnych w miejscowo\u015bciach Osiecz Wielki, Lubomin Rz\u0105dowy, Lubomin 2023.5 Przebudowa dr\u00f3g gminnych w miejscowo\u015bciach Su\u0142\u00f3wek i Lubomin Rz\u0105dowy 2023.4 Remont dw\u00f3ch odcink\u00f3w dr\u00f3g gminnych w miejscowo\u015bciach Paruszewice i \u0141\u0105ki Markowe 2023.3 Przebudowa drogi w miejscowo\u015bci \u0141\u0105ki Markowe 2023.2 Budowa boiska w miejscowo\u015bci Osiecz Ma\u0142y 2023.1 Przebudowa gminnej oczyszczalni \u015bciek\u00f3w w Boniewie 2022.4 Przebudowa drogi gminnej w miejscowo\u015bci Lubomin Rz\u0105dowy 2022.3 Organizacja miejsca spotka\u0144 dla mieszka\u0144c\u00f3w poprzez budow\u0119 miejsca ogniskowego z elementami si\u0142owni zewn\u0119trznej w miejscowo\u015bci Boniewo 2022.2 Przebudowa drogi gminnej w miejscowo\u015bci Bierzyn 2022.1 Przebudowa placu zabaw w miejscowo\u015bci Boniewo. Rozbudowa placu zabaw w miejscowo\u015bci Boniewo 2021.7 Przebudowa drogi gminnej Osiecz Ma\u0142y \u2013 Bnin 2021.6 Aktywizacja spo\u0142eczno-zawodowa os\u00f3b wykluczonych lub zagro\u017conych wykluczeniem spo\u0142ecznym z terenu gminy Boniewo 2021.5 Budowa urz\u0105dze\u0144 fotowoltaicznych na obiektach gminy Boniewo 2021.4 Program Inwestycji Strategicznych \u2013 Rz\u0105dowego Funduszu Polski \u0141ad 2021.3 Przebudowa drogi gminnej Lubomin Rz\u0105dowy \u2013 Gr\u00f3jec \u2013 Arciszewo 2021.2 Budowa sieci wodoci\u0105gowo-kanalizacyjnej z przy\u0142\u0105czami na terenie gminy Boniewo 2021.1 Przebudowa drogi gminnej w miejscowo\u015bci \u017burawice<\/p>\n","protected":false},"author":3,"featured_media":0,"parent":0,"menu_order":0,"comment_status":"closed","ping_status":"open","template":"","meta":{"inline_featured_image":false,"_uag_custom_page_level_css":"","footnotes":""},"class_list":["post-7464","page","type-page","status-publish","hentry"],"uagb_featured_image_src":{"full":false,"thumbnail":false,"medium":false,"medium_large":false,"large":false,"1536x1536":false,"2048x2048":false,"ashe-slider-full-thumbnail":false,"ashe-full-thumbnail":false,"ashe-list-thumbnail":false,"ashe-grid-thumbnail":false,"ashe-single-navigation":false},"uagb_author_info":{"display_name":"admin","author_link":"https:\/\/ug.boniewo.pl\/?author=3"},"uagb_comment_info":0,"uagb_excerpt":"2025.7 Senior otwarty na \u015bwiat 2 2025.6 Senior otwarty na \u015bwiat 2025.5 Podniesienie kompetencji kluczowych uczni\u00f3w 2025.4 Rozbudowa, przebudowa (modernizacja) oraz termomodernizacja budynku remizy OSP w Boniewie 2025.3 Przebudowa dw\u00f3ch odcink\u00f3w drogi gminnej 191108C na d\u0142ugo\u015bci 1,870 km w miejscowo\u015bci Jerzmanowo, Kaniewo 2025.2 Przebudowa drogi gminnej w miejscowo\u015bci Lubomin Le\u015bny 2025.1 Budowa\/rozbudowa\/przebudowa\/remont infrastruktury spo\u0142ecznej na&hellip;","_links":{"self":[{"href":"https:\/\/ug.boniewo.pl\/index.php?rest_route=\/wp\/v2\/pages\/7464","targetHints":{"allow":["GET"]}}],"collection":[{"href":"https:\/\/ug.boniewo.pl\/index.php?rest_route=\/wp\/v2\/pages"}],"about":[{"href":"https:\/\/ug.boniewo.pl\/index.php?rest_route=\/wp\/v2\/types\/page"}],"author":[{"embeddable":true,"href":"https:\/\/ug.boniewo.pl\/index.php?rest_route=\/wp\/v2\/users\/3"}],"replies":[{"embeddable":true,"href":"https:\/\/ug.boniewo.pl\/index.php?rest_route=%2Fwp%2Fv2%2Fcomments&post=7464"}],"version-history":[{"count":28,"href":"https:\/\/ug.boniewo.pl\/index.php?rest_route=\/wp\/v2\/pages\/7464\/revisions"}],"predecessor-version":[{"id":24932,"href":"https:\/\/ug.boniewo.pl\/index.php?rest_route=\/wp\/v2\/pages\/7464\/revisions\/24932"}],"wp:attachment":[{"href":"https:\/\/ug.boniewo.pl\/index.php?rest_route=%2Fwp%2Fv2%2Fmedia&parent=7464"}],"curies":[{"name":"wp","href":"https:\/\/api.w.org\/{rel}","templated":true}]}}