{"id":2,"date":"2012-03-16T15:03:33","date_gmt":"2012-03-16T14:03:33","guid":{"rendered":"http:\/\/rytkowski.torun.fm\/boniewo1\/?page_id=2"},"modified":"2024-06-18T08:55:57","modified_gmt":"2024-06-18T06:55:57","slug":"o-gminie","status":"publish","type":"page","link":"https:\/\/ug.boniewo.pl\/?page_id=2","title":{"rendered":"O Gminie"},"content":{"rendered":"<figure id=\"attachment_58\" aria-describedby=\"caption-attachment-58\" style=\"width: 114px\" class=\"wp-caption alignright\"><a href=\"https:\/\/ug.boniewo.pl\/wp-content\/uploads\/2012\/03\/logo_3.png\"><img loading=\"lazy\" decoding=\"async\" class=\"wp-image-58 size-full\" title=\"Herb Gminy\" src=\"https:\/\/ug.boniewo.pl\/wp-content\/uploads\/2012\/03\/logo_3.png\" alt=\"\" width=\"114\" height=\"131\"><\/a><figcaption id=\"caption-attachment-58\" class=\"wp-caption-text\">Herb Boniewa<\/figcaption><\/figure>\n<p>Gmina Boniewo (dawn. gmina Pyszkowo) \u2013 gmina wiejska w wojew\u00f3dztwie kujawsko-pomorskim, w powiecie w\u0142oc\u0142awskim. W latach 1975-1998 gmina po\u0142o\u017cona by\u0142a w wojew\u00f3dztwie w\u0142oc\u0142awskim.<\/p>\n<p>Siedziba gminy to Boniewo.<\/p>\n<p>Gmina Boniewo le\u017cy 30 km od miasta W\u0142oc\u0142awka. Zajmuje obszar 77km2.<\/p>\n<p>W 20 so\u0142ectwach mieszkaj\u0105 3.884 osoby. 85 proc. powierzchni gminy stanowi\u0105 u\u017cytki rolne.<\/p>\n<p>W gminie jest 710 gospodarstw rolnych o \u015bredniej wielko\u015bci 10 ha. W rejonie wsi Kaniewo znajduje si\u0119 z\u0142o\u017ce kredy jeziornej &#8211; obecnie eksploatowane.<\/p>\n<p>Korzystne warunki klimatyczne stwarzaj\u0105 mo\u017cliwo\u015bci zagospodarowania teren\u00f3w zar\u00f3wno dla budownictwa, jak i upraw ro\u015blin o podwy\u017cszonych wymaganiach klimatycznych.<\/p>\n<p>Obszary nad jeziorami: Gr\u00f3jeckim i \u0141ugowskim stanowi\u0105 znacz\u0105cy potencja\u0142 dla rozwoju rekreacji i turystyki.<\/p>\n","protected":false},"excerpt":{"rendered":"<p>Gmina Boniewo (dawn. gmina Pyszkowo) \u2013 gmina wiejska w wojew\u00f3dztwie kujawsko-pomorskim, w powiecie w\u0142oc\u0142awskim. W latach 1975-1998 gmina po\u0142o\u017cona by\u0142a w wojew\u00f3dztwie w\u0142oc\u0142awskim. Siedziba gminy to Boniewo. Gmina Boniewo le\u017cy 30 km od miasta W\u0142oc\u0142awka. Zajmuje obszar 77km2. W 20 so\u0142ectwach mieszkaj\u0105 3.884 osoby. 85 proc. powierzchni gminy stanowi\u0105 u\u017cytki rolne. W gminie jest 710 gospodarstw rolnych o \u015bredniej wielko\u015bci 10 ha. W rejonie wsi Kaniewo znajduje si\u0119 z\u0142o\u017ce kredy jeziornej &#8211; obecnie eksploatowane. Korzystne warunki klimatyczne stwarzaj\u0105 mo\u017cliwo\u015bci zagospodarowania teren\u00f3w zar\u00f3wno dla budownictwa, jak i upraw ro\u015blin o podwy\u017cszonych wymaganiach klimatycznych. Obszary nad jeziorami: Gr\u00f3jeckim i \u0141ugowskim stanowi\u0105 znacz\u0105cy potencja\u0142 dla rozwoju rekreacji i turystyki.<\/p>\n","protected":false},"author":1,"featured_media":0,"parent":0,"menu_order":0,"comment_status":"closed","ping_status":"closed","template":"","meta":{"inline_featured_image":false,"_uag_custom_page_level_css":"","footnotes":""},"class_list":["post-2","page","type-page","status-publish","hentry"],"uagb_featured_image_src":{"full":false,"thumbnail":false,"medium":false,"medium_large":false,"large":false,"1536x1536":false,"2048x2048":false,"ashe-slider-full-thumbnail":false,"ashe-full-thumbnail":false,"ashe-list-thumbnail":false,"ashe-grid-thumbnail":false,"ashe-single-navigation":false},"uagb_author_info":{"display_name":"Jakub Rytkowski","author_link":"https:\/\/ug.boniewo.pl\/?author=1"},"uagb_comment_info":4,"uagb_excerpt":"Gmina Boniewo (dawn. gmina Pyszkowo) \u2013 gmina wiejska w wojew\u00f3dztwie kujawsko-pomorskim, w powiecie w\u0142oc\u0142awskim. W latach 1975-1998 gmina po\u0142o\u017cona by\u0142a w wojew\u00f3dztwie w\u0142oc\u0142awskim. Siedziba gminy to Boniewo. Gmina Boniewo le\u017cy 30 km od miasta W\u0142oc\u0142awka. Zajmuje obszar 77km2. W 20 so\u0142ectwach mieszkaj\u0105 3.884 osoby. 85 proc. powierzchni gminy stanowi\u0105 u\u017cytki rolne. W gminie jest 710&hellip;","_links":{"self":[{"href":"https:\/\/ug.boniewo.pl\/index.php?rest_route=\/wp\/v2\/pages\/2","targetHints":{"allow":["GET"]}}],"collection":[{"href":"https:\/\/ug.boniewo.pl\/index.php?rest_route=\/wp\/v2\/pages"}],"about":[{"href":"https:\/\/ug.boniewo.pl\/index.php?rest_route=\/wp\/v2\/types\/page"}],"author":[{"embeddable":true,"href":"https:\/\/ug.boniewo.pl\/index.php?rest_route=\/wp\/v2\/users\/1"}],"replies":[{"embeddable":true,"href":"https:\/\/ug.boniewo.pl\/index.php?rest_route=%2Fwp%2Fv2%2Fcomments&post=2"}],"version-history":[{"count":2,"href":"https:\/\/ug.boniewo.pl\/index.php?rest_route=\/wp\/v2\/pages\/2\/revisions"}],"predecessor-version":[{"id":23010,"href":"https:\/\/ug.boniewo.pl\/index.php?rest_route=\/wp\/v2\/pages\/2\/revisions\/23010"}],"wp:attachment":[{"href":"https:\/\/ug.boniewo.pl\/index.php?rest_route=%2Fwp%2Fv2%2Fmedia&parent=2"}],"curies":[{"name":"wp","href":"https:\/\/api.w.org\/{rel}","templated":true}]}}